{"id":16,"date":"2018-04-30T16:40:45","date_gmt":"2018-04-30T21:40:45","guid":{"rendered":"http:\/\/www.g3consultores.com.mx\/Wordpress\/?page_id=16"},"modified":"2019-01-10T14:54:51","modified_gmt":"2019-01-10T20:54:51","slug":"nuestra-experiencia","status":"publish","type":"page","link":"https:\/\/www.g3consultores.com.mx\/Wordpress\/nuestra-experiencia\/","title":{"rendered":"Nuestra experiencia"},"content":{"rendered":"<p>Hemos trabajado a lo largo de 12 a\u00f1os en proyectos de diversa \u00edndole, lo que nos permite especializarnos en:<\/p>\n<ul>\n<li style=\"list-style-type: none;\">\n<ul>\n<li>Autorizaciones para <strong>desarrollos habitacionales<\/strong> verticales y fraccionamientos<\/li>\n<li>Autorizaciones para <strong>proyectos carreteros<\/strong><\/li>\n<li>Autorizaciones para <strong>proyectos mineros<\/strong><\/li>\n<li>Proyectos de <strong>reforestaci\u00f3n<\/strong><\/li>\n<\/ul>\n<ul>\n<li>Sistemas de Informaci\u00f3n Geogr\u00e1fica (<strong>SIG<\/strong>)<\/li>\n<li>Rescate y manejo de <strong>flora y fauna silvestre<\/strong><\/li>\n<\/ul>\n<ul>\n<li>Proyectos de <strong>vegetaci\u00f3n urbana<\/strong> (fitosanitarios, inventarios, etc.)<\/li>\n<\/ul>\n<ul>\n<li>Obtenci\u00f3n de permisos y proyectos para <strong>bancos de material geol\u00f3gico<\/strong><\/li>\n<\/ul>\n<ul>\n<li>Unidades de Manejo Ambiental (<strong>UMA&#8217;s<\/strong>)<\/li>\n<\/ul>\n<\/li>\n<li style=\"list-style-type: none;\">\n<ul><\/ul>\n<\/li>\n<\/ul>\n<p><a href=\"http:\/\/www.g3consultores.com.mx\/Wordpress\/wp-content\/uploads\/2018\/04\/Logo-sin-letras.png\"><img decoding=\"async\" loading=\"lazy\" src=\"http:\/\/www.g3consultores.com.mx\/Wordpress\/wp-content\/uploads\/2018\/04\/Logo-sin-letras-283x300.png\" class=\"alignright wp-image-5\" alt=\"\" height=\"70\" width=\"66\" \/><\/a><\/p>\n","protected":false},"excerpt":{"rendered":"<p>Hemos trabajado a lo largo de 12 a\u00f1os en proyectos de diversa \u00edndole, lo que nos permite especializarnos en: Autorizaciones para desarrollos habitacionales verticales y fraccionamientos Autorizaciones para proyectos carreteros Autorizaciones para proyectos mineros Proyectos de reforestaci\u00f3n Sistemas de Informaci\u00f3n Geogr\u00e1fica (SIG) Rescate y manejo de flora y fauna silvestre [&hellip;]<\/p>\n","protected":false},"author":1,"featured_media":0,"parent":0,"menu_order":0,"comment_status":"closed","ping_status":"closed","template":"","meta":{"_mi_skip_tracking":false},"_links":{"self":[{"href":"https:\/\/www.g3consultores.com.mx\/Wordpress\/wp-json\/wp\/v2\/pages\/16"}],"collection":[{"href":"https:\/\/www.g3consultores.com.mx\/Wordpress\/wp-json\/wp\/v2\/pages"}],"about":[{"href":"https:\/\/www.g3consultores.com.mx\/Wordpress\/wp-json\/wp\/v2\/types\/page"}],"author":[{"embeddable":true,"href":"https:\/\/www.g3consultores.com.mx\/Wordpress\/wp-json\/wp\/v2\/users\/1"}],"replies":[{"embeddable":true,"href":"https:\/\/www.g3consultores.com.mx\/Wordpress\/wp-json\/wp\/v2\/comments?post=16"}],"version-history":[{"count":9,"href":"https:\/\/www.g3consultores.com.mx\/Wordpress\/wp-json\/wp\/v2\/pages\/16\/revisions"}],"predecessor-version":[{"id":307,"href":"https:\/\/www.g3consultores.com.mx\/Wordpress\/wp-json\/wp\/v2\/pages\/16\/revisions\/307"}],"wp:attachment":[{"href":"https:\/\/www.g3consultores.com.mx\/Wordpress\/wp-json\/wp\/v2\/media?parent=16"}],"curies":[{"name":"wp","href":"https:\/\/api.w.org\/{rel}","templated":true}]}}