{"id":13,"date":"2018-04-30T21:37:42","date_gmt":"2018-04-30T21:37:42","guid":{"rendered":"http:\/\/www.g3consultores.com.mx\/Wordpress\/?page_id=13"},"modified":"2018-05-06T17:20:21","modified_gmt":"2018-05-06T22:20:21","slug":"quienes-somos","status":"publish","type":"page","link":"https:\/\/www.g3consultores.com.mx\/Wordpress\/quienes-somos\/","title":{"rendered":"Qui\u00e9nes somos"},"content":{"rendered":"\t\t<div data-elementor-type=\"wp-post\" data-elementor-id=\"13\" class=\"elementor elementor-13 elementor-bc-flex-widget\">\n\t\t\t\t\t\t<div class=\"elementor-inner\">\n\t\t\t\t<div class=\"elementor-section-wrap\">\n\t\t\t\t\t\t\t\t\t<section class=\"elementor-section elementor-top-section elementor-element elementor-element-eb096f2 elementor-section-boxed elementor-section-height-default elementor-section-height-default\" data-id=\"eb096f2\" data-element_type=\"section\">\n\t\t\t\t\t\t<div class=\"elementor-container elementor-column-gap-default\">\n\t\t\t\t\t\t\t<div class=\"elementor-row\">\n\t\t\t\t\t<div class=\"elementor-column elementor-col-100 elementor-top-column elementor-element elementor-element-8852411\" data-id=\"8852411\" data-element_type=\"column\">\n\t\t\t<div class=\"elementor-column-wrap elementor-element-populated\">\n\t\t\t\t\t\t\t<div class=\"elementor-widget-wrap\">\n\t\t\t\t\t\t<div class=\"elementor-element elementor-element-19d7acf elementor-widget elementor-widget-text-editor\" data-id=\"19d7acf\" data-element_type=\"widget\" data-widget_type=\"text-editor.default\">\n\t\t\t\t<div class=\"elementor-widget-container\">\n\t\t\t\t\t\t\t\t<div class=\"elementor-text-editor elementor-clearfix\">\n\t\t\t\t<p style=\"text-align: center;\">Somos una empresa de consultor\u00eda conformada por un equipo interdisciplinario capacitado en atender todos los requerimientos para lograr que su proyecto cuente con la autorizaci\u00f3n en materia ambiental, logrando para ello el equilibrio entre las especificaciones de la legislaci\u00f3n, las necesidades de su proyecto y los principios de la sustentabilidad ambiental. Al d\u00eda de hoy, todos nuestros proyectos han sido autorizados.<\/p>\t\t\t\t\t<\/div>\n\t\t\t\t\t\t<\/div>\n\t\t\t\t<\/div>\n\t\t\t\t\t\t<\/div>\n\t\t\t\t\t<\/div>\n\t\t<\/div>\n\t\t\t\t\t\t\t\t<\/div>\n\t\t\t\t\t<\/div>\n\t\t<\/section>\n\t\t\t\t<section class=\"elementor-section elementor-top-section elementor-element elementor-element-be14584 elementor-section-boxed elementor-section-height-default elementor-section-height-default\" data-id=\"be14584\" data-element_type=\"section\">\n\t\t\t\t\t\t<div class=\"elementor-container elementor-column-gap-default\">\n\t\t\t\t\t\t\t<div class=\"elementor-row\">\n\t\t\t\t\t<div class=\"elementor-column elementor-col-100 elementor-top-column elementor-element elementor-element-fbf5e44\" data-id=\"fbf5e44\" data-element_type=\"column\">\n\t\t\t<div class=\"elementor-column-wrap elementor-element-populated\">\n\t\t\t\t\t\t\t<div class=\"elementor-widget-wrap\">\n\t\t\t\t\t\t<div class=\"elementor-element elementor-element-88ffde6 obfx-position-top elementor-widget elementor-widget-obfx-services\" data-id=\"88ffde6\" data-element_type=\"widget\" data-widget_type=\"obfx-services.default\">\n\t\t\t\t<div class=\"elementor-widget-container\">\n\t\t\t<div class=\"obfx-grid\"><div class=\"obfx-grid-container obfx-grid-desktop-3\">\t\t\t<div class=\"obfx-grid-wrapper\">\n\t\t\t\t\t\t\t\t<div class=\"obfx-service-box obfx-grid-col\">\n\t\t\t\t\t<span class=\"obfx-icon-wrap\"><i class=\"obfx-icon fa fa-trophy\" style=\"color: #333333\"><\/i><\/span>\t\t\t\t\t\t<div class=\"obfx-service-box-content\">\n\t\t\t\t\t\t\t\t\t\t\t\t\t\t\t<h4 class=\"obfx-service-title\">Misi\u00f3n<\/h4>\n\t\t\t\t\t\t\t\t\t\t\t\t\t\t\t\t<p class=\"obfx-service-text\">Ofrecer servicios integrales de consultor\u00eda en materia ambiental en el territorio nacional.<\/p>\n\t\t\t\t\t\t\t\t\t\t\t\t\t<\/div>\n\t\t\t\t\t\t\t\t\t<\/div>\n\t\t\t\t<\/a>\t\t\t<\/div>\n\t\t\t\t\t\t<div class=\"obfx-grid-wrapper\">\n\t\t\t\t\t\t\t\t<div class=\"obfx-service-box obfx-grid-col\">\n\t\t\t\t\t<span class=\"obfx-icon-wrap\"><i class=\"obfx-icon fa fa-eye\" style=\"color: #000000\"><\/i><\/span>\t\t\t\t\t\t<div class=\"obfx-service-box-content\">\n\t\t\t\t\t\t\t\t\t\t\t\t\t\t\t<h4 class=\"obfx-service-title\">Visi\u00f3n<\/h4>\n\t\t\t\t\t\t\t\t\t\t\t\t\t\t\t\t<p class=\"obfx-service-text\">Ser la consultor\u00eda con la mejor atenci\u00f3n al cliente, aceptabilidad social y mayor tasa de \u00e9xito.\n<\/p>\n\t\t\t\t\t\t\t\t\t\t\t\t\t<\/div>\n\t\t\t\t\t\t\t\t\t<\/div>\n\t\t\t\t<\/a>\t\t\t<\/div>\n\t\t\t\t\t\t<div class=\"obfx-grid-wrapper\">\n\t\t\t\t\t\t\t\t<div class=\"obfx-service-box obfx-grid-col\">\n\t\t\t\t\t<span class=\"obfx-icon-wrap\"><i class=\"obfx-icon fa fa-handshake-o\" style=\"color: #333333\"><\/i><\/span>\t\t\t\t\t\t<div class=\"obfx-service-box-content\">\n\t\t\t\t\t\t\t\t\t\t\t\t\t\t\t<h4 class=\"obfx-service-title\">Valores<\/h4>\n\t\t\t\t\t\t\t\t\t\t\t\t\t\t\t\t<p class=\"obfx-service-text\">Alcanzar nuestra misi\u00f3n y visi\u00f3n siempre a trav\u00e9s de la aplicaci\u00f3n de los valores de sustentabilidad ambiental, \u00e9tica profesional y compromiso con el cliente.\n<\/p>\n\t\t\t\t\t\t\t\t\t\t\t\t\t<\/div>\n\t\t\t\t\t\t\t\t\t<\/div>\n\t\t\t\t<\/a>\t\t\t<\/div>\n\t\t\t<\/div><\/div>\t\t<\/div>\n\t\t\t\t<\/div>\n\t\t\t\t\t\t<\/div>\n\t\t\t\t\t<\/div>\n\t\t<\/div>\n\t\t\t\t\t\t\t\t<\/div>\n\t\t\t\t\t<\/div>\n\t\t<\/section>\n\t\t\t\t<section class=\"elementor-section elementor-top-section elementor-element elementor-element-749d10d elementor-section-boxed elementor-section-height-default elementor-section-height-default\" data-id=\"749d10d\" data-element_type=\"section\">\n\t\t\t\t\t\t<div class=\"elementor-container elementor-column-gap-default\">\n\t\t\t\t\t\t\t<div class=\"elementor-row\">\n\t\t\t\t\t<div class=\"elementor-column elementor-col-100 elementor-top-column elementor-element elementor-element-d265753\" data-id=\"d265753\" data-element_type=\"column\">\n\t\t\t<div class=\"elementor-column-wrap elementor-element-populated\">\n\t\t\t\t\t\t\t<div class=\"elementor-widget-wrap\">\n\t\t\t\t\t\t<div class=\"elementor-element elementor-element-5b68fc8 elementor-widget elementor-widget-image\" data-id=\"5b68fc8\" data-element_type=\"widget\" data-widget_type=\"image.default\">\n\t\t\t\t<div class=\"elementor-widget-container\">\n\t\t\t\t\t\t\t\t<div class=\"elementor-image\">\n\t\t\t\t\t\t\t\t\t\t\t\t<img decoding=\"async\" src=\"https:\/\/www.g3consultores.com.mx\/Wordpress\/wp-content\/uploads\/elementor\/thumbs\/Logo-sin-letras-e1525641345841-npsjaj5c6gn3fdtgwq30rml9p78zdeq6joe0xm0v24.png\" title=\"Logo sin letras\" alt=\"Logo sin letras\" loading=\"lazy\" \/>\t\t\t\t\t\t\t\t\t\t\t\t\t\t<\/div>\n\t\t\t\t\t\t<\/div>\n\t\t\t\t<\/div>\n\t\t\t\t\t\t<\/div>\n\t\t\t\t\t<\/div>\n\t\t<\/div>\n\t\t\t\t\t\t\t\t<\/div>\n\t\t\t\t\t<\/div>\n\t\t<\/section>\n\t\t\t\t\t\t\t\t\t<\/div>\n\t\t\t<\/div>\n\t\t\t\t\t<\/div>\n\t\t","protected":false},"excerpt":{"rendered":"<p>Somos una empresa de consultor\u00eda conformada por un equipo interdisciplinario capacitado en atender todos los requerimientos para lograr que su proyecto cuente con la autorizaci\u00f3n en materia ambiental, logrando para ello el equilibrio entre las especificaciones de la legislaci\u00f3n, las necesidades de su proyecto y los principios de la sustentabilidad [&hellip;]<\/p>\n","protected":false},"author":1,"featured_media":0,"parent":0,"menu_order":0,"comment_status":"closed","ping_status":"closed","template":"","meta":{"_mi_skip_tracking":false},"_links":{"self":[{"href":"https:\/\/www.g3consultores.com.mx\/Wordpress\/wp-json\/wp\/v2\/pages\/13"}],"collection":[{"href":"https:\/\/www.g3consultores.com.mx\/Wordpress\/wp-json\/wp\/v2\/pages"}],"about":[{"href":"https:\/\/www.g3consultores.com.mx\/Wordpress\/wp-json\/wp\/v2\/types\/page"}],"author":[{"embeddable":true,"href":"https:\/\/www.g3consultores.com.mx\/Wordpress\/wp-json\/wp\/v2\/users\/1"}],"replies":[{"embeddable":true,"href":"https:\/\/www.g3consultores.com.mx\/Wordpress\/wp-json\/wp\/v2\/comments?post=13"}],"version-history":[{"count":16,"href":"https:\/\/www.g3consultores.com.mx\/Wordpress\/wp-json\/wp\/v2\/pages\/13\/revisions"}],"predecessor-version":[{"id":270,"href":"https:\/\/www.g3consultores.com.mx\/Wordpress\/wp-json\/wp\/v2\/pages\/13\/revisions\/270"}],"wp:attachment":[{"href":"https:\/\/www.g3consultores.com.mx\/Wordpress\/wp-json\/wp\/v2\/media?parent=13"}],"curies":[{"name":"wp","href":"https:\/\/api.w.org\/{rel}","templated":true}]}}